{"id":491,"date":"2020-09-06T16:54:01","date_gmt":"2020-09-06T16:54:01","guid":{"rendered":"https:\/\/project33.org\/?page_id=491"},"modified":"2021-01-08T08:39:06","modified_gmt":"2021-01-08T08:39:06","slug":"how-we-do-it","status":"publish","type":"page","link":"https:\/\/project33.org\/fr\/how-we-do-it\/","title":{"rendered":"Comment Faisons-Nous"},"content":{"rendered":"<div data-elementor-type=\"wp-page\" data-elementor-id=\"491\" class=\"elementor elementor-491\">\n\t\t\t\t\t\t<section class=\"elementor-section elementor-top-section elementor-element elementor-element-4c0a7754 elementor-section-height-min-height elementor-section-boxed elementor-section-height-default elementor-section-items-middle\" data-id=\"4c0a7754\" data-element_type=\"section\" data-e-type=\"section\" data-settings=\"{&quot;background_background&quot;:&quot;classic&quot;}\">\n\t\t\t\t\t\t\t<div class=\"elementor-background-overlay\"><\/div>\n\t\t\t\t\t\t\t<div class=\"elementor-container elementor-column-gap-default\">\n\t\t\t\t\t<div class=\"elementor-column elementor-col-50 elementor-top-column elementor-element elementor-element-7a9ad3f4\" data-id=\"7a9ad3f4\" data-element_type=\"column\" data-e-type=\"column\">\n\t\t\t<div class=\"elementor-widget-wrap\">\n\t\t\t\t\t\t\t<\/div>\n\t\t<\/div>\n\t\t\t\t<div class=\"elementor-column elementor-col-50 elementor-top-column elementor-element elementor-element-40ff8ba\" data-id=\"40ff8ba\" data-element_type=\"column\" data-e-type=\"column\">\n\t\t\t<div class=\"elementor-widget-wrap\">\n\t\t\t\t\t\t\t<\/div>\n\t\t<\/div>\n\t\t\t\t\t<\/div>\n\t\t<\/section>\n\t\t\t\t<section class=\"elementor-section elementor-top-section elementor-element elementor-element-4a14da9a elementor-section-boxed elementor-section-height-default elementor-section-height-default\" data-id=\"4a14da9a\" data-element_type=\"section\" data-e-type=\"section\">\n\t\t\t\t\t\t<div class=\"elementor-container elementor-column-gap-default\">\n\t\t\t\t\t<div class=\"elementor-column elementor-col-100 elementor-top-column elementor-element elementor-element-15cd56bc\" data-id=\"15cd56bc\" data-element_type=\"column\" data-e-type=\"column\">\n\t\t\t<div class=\"elementor-widget-wrap elementor-element-populated\">\n\t\t\t\t\t\t<div class=\"elementor-element elementor-element-5ad1044 elementor-widget elementor-widget-heading\" data-id=\"5ad1044\" data-element_type=\"widget\" data-e-type=\"widget\" data-widget_type=\"heading.default\">\n\t\t\t\t<div class=\"elementor-widget-container\">\n\t\t\t\t\t<h2 class=\"elementor-heading-title elementor-size-default\">Comment Faisons-Nous<\/h2>\t\t\t\t<\/div>\n\t\t\t\t<\/div>\n\t\t\t\t<div class=\"elementor-element elementor-element-2a14230 elementor-widget-divider--view-line elementor-widget elementor-widget-divider\" data-id=\"2a14230\" data-element_type=\"widget\" data-e-type=\"widget\" data-widget_type=\"divider.default\">\n\t\t\t\t<div class=\"elementor-widget-container\">\n\t\t\t\t\t\t\t<div class=\"elementor-divider\">\n\t\t\t<span class=\"elementor-divider-separator\">\n\t\t\t\t\t\t<\/span>\n\t\t<\/div>\n\t\t\t\t\t\t<\/div>\n\t\t\t\t<\/div>\n\t\t\t\t<div class=\"elementor-element elementor-element-50323b6 elementor-widget elementor-widget-text-editor\" data-id=\"50323b6\" data-element_type=\"widget\" data-e-type=\"widget\" data-widget_type=\"text-editor.default\">\n\t\t\t\t<div class=\"elementor-widget-container\">\n\t\t\t\t\t\t\t\t\t<p>Au centre de <a style=\"color: #008080\" target=\"_self\">projet 33<\/a> se trouve une installation de recyclage de plastique ind\u00e9pendante. La configuration de l'\u00e9quipement technique de base de la ligne de production emprunte \u00e0 Precious Plastic, une organisation caritative et un r\u00e9seau N\u00e9erlandais sp\u00e9cialis\u00e9 dans le recyclage du plastique, qui rend les plans de construction et les meilleures pratiques accessibles au public. Nous sommes heureux de faire partie du mouvement et de travailler avec Precious Plastic.<\/p>\t\t\t\t\t\t\t\t<\/div>\n\t\t\t\t<\/div>\n\t\t\t\t<section class=\"elementor-section elementor-inner-section elementor-element elementor-element-c59052e elementor-section-boxed elementor-section-height-default elementor-section-height-default\" data-id=\"c59052e\" data-element_type=\"section\" data-e-type=\"section\">\n\t\t\t\t\t\t<div class=\"elementor-container elementor-column-gap-default\">\n\t\t\t\t\t<div class=\"elementor-column elementor-col-50 elementor-inner-column elementor-element elementor-element-e503f52\" data-id=\"e503f52\" data-element_type=\"column\" data-e-type=\"column\">\n\t\t\t<div class=\"elementor-widget-wrap elementor-element-populated\">\n\t\t\t\t\t\t<div class=\"elementor-element elementor-element-2149341 elementor-widget elementor-widget-image\" data-id=\"2149341\" data-element_type=\"widget\" data-e-type=\"widget\" data-widget_type=\"image.default\">\n\t\t\t\t<div class=\"elementor-widget-container\">\n\t\t\t\t\t\t\t\t\t\t\t\t\t\t\t<img fetchpriority=\"high\" decoding=\"async\" width=\"1298\" height=\"785\" src=\"https:\/\/project33.org\/wp-content\/uploads\/2020\/09\/fs.jpg\" class=\"attachment-full size-full wp-image-661\" alt=\"\" srcset=\"https:\/\/project33.org\/wp-content\/uploads\/2020\/09\/fs.jpg 1298w, https:\/\/project33.org\/wp-content\/uploads\/2020\/09\/fs-300x181.jpg 300w, https:\/\/project33.org\/wp-content\/uploads\/2020\/09\/fs-1024x619.jpg 1024w, https:\/\/project33.org\/wp-content\/uploads\/2020\/09\/fs-768x464.jpg 768w, https:\/\/project33.org\/wp-content\/uploads\/2020\/09\/fs-1200x726.jpg 1200w\" sizes=\"(max-width: 1298px) 100vw, 1298px\" \/>\t\t\t\t\t\t\t\t\t\t\t\t\t\t\t<\/div>\n\t\t\t\t<\/div>\n\t\t\t\t\t<\/div>\n\t\t<\/div>\n\t\t\t\t<div class=\"elementor-column elementor-col-50 elementor-inner-column elementor-element elementor-element-eaabe39\" data-id=\"eaabe39\" data-element_type=\"column\" data-e-type=\"column\">\n\t\t\t<div class=\"elementor-widget-wrap elementor-element-populated\">\n\t\t\t\t\t\t<div class=\"elementor-element elementor-element-e3d8c25 elementor-widget elementor-widget-image\" data-id=\"e3d8c25\" data-element_type=\"widget\" data-e-type=\"widget\" data-widget_type=\"image.default\">\n\t\t\t\t<div class=\"elementor-widget-container\">\n\t\t\t\t\t\t\t\t\t\t\t\t\t\t\t<img decoding=\"async\" width=\"1027\" height=\"551\" src=\"https:\/\/project33.org\/wp-content\/uploads\/2020\/09\/Picture1.png\" class=\"attachment-full size-full wp-image-719\" alt=\"\" srcset=\"https:\/\/project33.org\/wp-content\/uploads\/2020\/09\/Picture1.png 1027w, https:\/\/project33.org\/wp-content\/uploads\/2020\/09\/Picture1-300x161.png 300w, https:\/\/project33.org\/wp-content\/uploads\/2020\/09\/Picture1-1024x549.png 1024w, https:\/\/project33.org\/wp-content\/uploads\/2020\/09\/Picture1-768x412.png 768w\" sizes=\"(max-width: 1027px) 100vw, 1027px\" \/>\t\t\t\t\t\t\t\t\t\t\t\t\t\t\t<\/div>\n\t\t\t\t<\/div>\n\t\t\t\t\t<\/div>\n\t\t<\/div>\n\t\t\t\t\t<\/div>\n\t\t<\/section>\n\t\t\t\t<div class=\"elementor-element elementor-element-e2fccdf elementor-widget elementor-widget-text-editor\" data-id=\"e2fccdf\" data-element_type=\"widget\" data-e-type=\"widget\" data-widget_type=\"text-editor.default\">\n\t\t\t\t<div class=\"elementor-widget-container\">\n\t\t\t\t\t\t\t\t\t<p class=\"translation-block\">La ligne de production de plastique recycl\u00e9 peut \u00eatre install\u00e9e dans la plupart des sites. L'ensemble de la ligne de production se pose dans un grand conteneur d\u2019exp\u00e9dition (42 pieds) ou un espace de taille similaire et la solution solaire lui permet de fonctionner de mani\u00e8re autonome. Le syst\u00e8me se compose d'un dispositif de lavage de plastique, d'un broyeur de plastique, d'une extrudeuse, de moules, d'une presse et d'une imprimante 3D. L'installation avec sa technologie et son syst\u00e8me d\u2019\u00e9nergie solaire est install\u00e9e avec le soutien de la soci\u00e9t\u00e9 <\/span><a href=\"https:\/\/www.mirlando.org\" style=\"font-size: inherit;text-align: inherit;letter-spacing: -0.015em;color: #5E1B43\" target=\"_self\"> Mirlando.  <\/a><span style=\"font-size: inherit;text-align: inherit;letter-spacing: -0.015em\">Mirlando donne une partie de ses b\u00e9n\u00e9fices aux projets caritatifs qu'elle soutient directement, et le <a style=\"color: #008080\" target=\"_self\">projet 33<\/a> en fait partie.<\/p>\n<p>Ce syst\u00e8me de recyclage nous permet de transformer le plastique en articles pour un usage quotidien et pour des besoins particuliers, par exemple pour les soins m\u00e9dicaux. Avec des designers cr\u00e9atifs impliqu\u00e9s, nous pouvons \u00e9galement fabriquer des articles uniques pour la maison, des cadeaux et des objets d'art. La communaut\u00e9 sera impliqu\u00e9e dans toutes les \u00e9tapes du <a href=\"https:\/\/mirlando.org\" style=\"color: #008080\">projet 33<\/a> - des journ\u00e9es de collecte des plastiques, l'exploitation des machines, l\u2019organisation d\u2019ateliers p\u00e9dagogiques, le travail de sensibilisation \u00e0 soutenir le marketing et la promotion sur place et en ligne.<\/p>\t\t\t\t\t\t\t\t<\/div>\n\t\t\t\t<\/div>\n\t\t\t\t<section class=\"elementor-section elementor-inner-section elementor-element elementor-element-ab19cb8 elementor-section-boxed elementor-section-height-default elementor-section-height-default\" data-id=\"ab19cb8\" data-element_type=\"section\" data-e-type=\"section\">\n\t\t\t\t\t\t<div class=\"elementor-container elementor-column-gap-default\">\n\t\t\t\t\t<div class=\"elementor-column elementor-col-100 elementor-inner-column elementor-element elementor-element-cf6ac60\" data-id=\"cf6ac60\" data-element_type=\"column\" data-e-type=\"column\">\n\t\t\t<div class=\"elementor-widget-wrap elementor-element-populated\">\n\t\t\t\t\t\t<div class=\"elementor-element elementor-element-69f5e01 elementor-widget elementor-widget-image-carousel\" data-id=\"69f5e01\" data-element_type=\"widget\" data-e-type=\"widget\" data-settings=\"{&quot;slides_to_show&quot;:&quot;4&quot;,&quot;image_spacing_custom&quot;:{&quot;unit&quot;:&quot;px&quot;,&quot;size&quot;:8,&quot;sizes&quot;:[]},&quot;slides_to_scroll&quot;:&quot;1&quot;,&quot;autoplay&quot;:&quot;no&quot;,&quot;infinite&quot;:&quot;no&quot;,&quot;slides_to_show_mobile&quot;:&quot;3&quot;,&quot;slides_to_scroll_mobile&quot;:&quot;1&quot;,&quot;navigation&quot;:&quot;none&quot;,&quot;speed&quot;:500,&quot;image_spacing_custom_tablet&quot;:{&quot;unit&quot;:&quot;px&quot;,&quot;size&quot;:&quot;&quot;,&quot;sizes&quot;:[]},&quot;image_spacing_custom_mobile&quot;:{&quot;unit&quot;:&quot;px&quot;,&quot;size&quot;:&quot;&quot;,&quot;sizes&quot;:[]}}\" data-widget_type=\"image-carousel.default\">\n\t\t\t\t<div class=\"elementor-widget-container\">\n\t\t\t\t\t\t\t<div class=\"elementor-image-carousel-wrapper swiper\" role=\"region\" aria-roledescription=\"carousel\" aria-label=\"Image Carousel\" dir=\"ltr\">\n\t\t\t<div class=\"elementor-image-carousel swiper-wrapper\" aria-live=\"polite\">\n\t\t\t\t\t\t\t\t<div class=\"swiper-slide\" role=\"group\" aria-roledescription=\"slide\" aria-label=\"1 of 4\"><figure class=\"swiper-slide-inner\"><img decoding=\"async\" class=\"swiper-slide-image\" src=\"https:\/\/project33.org\/wp-content\/uploads\/2020\/10\/11-300x300.png\" alt=\"11\" \/><\/figure><\/div><div class=\"swiper-slide\" role=\"group\" aria-roledescription=\"slide\" aria-label=\"2 of 4\"><figure class=\"swiper-slide-inner\"><img decoding=\"async\" class=\"swiper-slide-image\" src=\"https:\/\/project33.org\/wp-content\/uploads\/2020\/10\/8-300x300.png\" alt=\"8\" \/><\/figure><\/div><div class=\"swiper-slide\" role=\"group\" aria-roledescription=\"slide\" aria-label=\"3 of 4\"><figure class=\"swiper-slide-inner\"><img decoding=\"async\" class=\"swiper-slide-image\" src=\"https:\/\/project33.org\/wp-content\/uploads\/2020\/10\/12-300x300.png\" alt=\"12\" \/><\/figure><\/div><div class=\"swiper-slide\" role=\"group\" aria-roledescription=\"slide\" aria-label=\"4 of 4\"><figure class=\"swiper-slide-inner\"><img decoding=\"async\" class=\"swiper-slide-image\" src=\"https:\/\/project33.org\/wp-content\/uploads\/2020\/10\/10-300x300.png\" alt=\"10\" \/><\/figure><\/div>\t\t\t<\/div>\n\t\t\t\t\t\t\t\n\t\t\t\t\t\t\t\t\t<\/div>\n\t\t\t\t\t\t<\/div>\n\t\t\t\t<\/div>\n\t\t\t\t\t<\/div>\n\t\t<\/div>\n\t\t\t\t\t<\/div>\n\t\t<\/section>\n\t\t\t\t\t<\/div>\n\t\t<\/div>\n\t\t\t\t\t<\/div>\n\t\t<\/section>\n\t\t\t\t<\/div>","protected":false},"excerpt":{"rendered":"<p>How We Do It At the centre of Project33 is an independent plastic recycling facility. The basic set up of the production line borrows from Precious Plastic, a Dutch charity and network that focuses on plastic recycling, connects people and puts blueprints and best practice in the public domain. We are proud to be part [&hellip;]<\/p>\n","protected":false},"author":1,"featured_media":0,"parent":0,"menu_order":0,"comment_status":"closed","ping_status":"closed","template":"elementor_header_footer","meta":{"footnotes":""},"class_list":["post-491","page","type-page","status-publish","hentry"],"_links":{"self":[{"href":"https:\/\/project33.org\/fr\/wp-json\/wp\/v2\/pages\/491"}],"collection":[{"href":"https:\/\/project33.org\/fr\/wp-json\/wp\/v2\/pages"}],"about":[{"href":"https:\/\/project33.org\/fr\/wp-json\/wp\/v2\/types\/page"}],"author":[{"embeddable":true,"href":"https:\/\/project33.org\/fr\/wp-json\/wp\/v2\/users\/1"}],"replies":[{"embeddable":true,"href":"https:\/\/project33.org\/fr\/wp-json\/wp\/v2\/comments?post=491"}],"version-history":[{"count":60,"href":"https:\/\/project33.org\/fr\/wp-json\/wp\/v2\/pages\/491\/revisions"}],"predecessor-version":[{"id":1106,"href":"https:\/\/project33.org\/fr\/wp-json\/wp\/v2\/pages\/491\/revisions\/1106"}],"wp:attachment":[{"href":"https:\/\/project33.org\/fr\/wp-json\/wp\/v2\/media?parent=491"}],"curies":[{"name":"wp","href":"https:\/\/api.w.org\/{rel}","templated":true}]}}