{"id":479,"date":"2020-09-06T16:48:43","date_gmt":"2020-09-06T16:48:43","guid":{"rendered":"https:\/\/project33.org\/?page_id=479"},"modified":"2021-11-30T14:37:21","modified_gmt":"2021-11-30T14:37:21","slug":"what-we-do","status":"publish","type":"page","link":"https:\/\/project33.org\/fr\/what-we-do\/","title":{"rendered":"Ce Que Nous Faisons"},"content":{"rendered":"<div data-elementor-type=\"wp-page\" data-elementor-id=\"479\" class=\"elementor elementor-479\">\n\t\t\t\t\t\t<section class=\"elementor-section elementor-top-section elementor-element elementor-element-163be062 elementor-section-height-min-height elementor-section-boxed elementor-section-height-default elementor-section-items-middle\" data-id=\"163be062\" data-element_type=\"section\" data-e-type=\"section\" data-settings=\"{&quot;background_background&quot;:&quot;classic&quot;}\">\n\t\t\t\t\t\t\t<div class=\"elementor-background-overlay\"><\/div>\n\t\t\t\t\t\t\t<div class=\"elementor-container elementor-column-gap-default\">\n\t\t\t\t\t<div class=\"elementor-column elementor-col-50 elementor-top-column elementor-element elementor-element-17182ef1\" data-id=\"17182ef1\" data-element_type=\"column\" data-e-type=\"column\">\n\t\t\t<div class=\"elementor-widget-wrap\">\n\t\t\t\t\t\t\t<\/div>\n\t\t<\/div>\n\t\t\t\t<div class=\"elementor-column elementor-col-50 elementor-top-column elementor-element elementor-element-35f00516\" data-id=\"35f00516\" data-element_type=\"column\" data-e-type=\"column\">\n\t\t\t<div class=\"elementor-widget-wrap\">\n\t\t\t\t\t\t\t<\/div>\n\t\t<\/div>\n\t\t\t\t\t<\/div>\n\t\t<\/section>\n\t\t\t\t<section class=\"elementor-section elementor-top-section elementor-element elementor-element-171b40a elementor-section-boxed elementor-section-height-default elementor-section-height-default\" data-id=\"171b40a\" data-element_type=\"section\" data-e-type=\"section\">\n\t\t\t\t\t\t<div class=\"elementor-container elementor-column-gap-default\">\n\t\t\t\t\t<div class=\"elementor-column elementor-col-100 elementor-top-column elementor-element elementor-element-0bce02e\" data-id=\"0bce02e\" data-element_type=\"column\" data-e-type=\"column\">\n\t\t\t<div class=\"elementor-widget-wrap elementor-element-populated\">\n\t\t\t\t\t\t<div class=\"elementor-element elementor-element-e4f588f elementor-widget elementor-widget-heading\" data-id=\"e4f588f\" data-element_type=\"widget\" data-e-type=\"widget\" data-widget_type=\"heading.default\">\n\t\t\t\t<div class=\"elementor-widget-container\">\n\t\t\t\t\t<h2 class=\"elementor-heading-title elementor-size-default\">Ce Que Nous Faisons<\/h2>\t\t\t\t<\/div>\n\t\t\t\t<\/div>\n\t\t\t\t<div class=\"elementor-element elementor-element-f1a9bb1 elementor-widget-divider--view-line elementor-widget elementor-widget-divider\" data-id=\"f1a9bb1\" data-element_type=\"widget\" data-e-type=\"widget\" data-widget_type=\"divider.default\">\n\t\t\t\t<div class=\"elementor-widget-container\">\n\t\t\t\t\t\t\t<div class=\"elementor-divider\">\n\t\t\t<span class=\"elementor-divider-separator\">\n\t\t\t\t\t\t<\/span>\n\t\t<\/div>\n\t\t\t\t\t\t<\/div>\n\t\t\t\t<\/div>\n\t\t\t\t<div class=\"elementor-element elementor-element-ad701ec elementor-widget elementor-widget-text-editor\" data-id=\"ad701ec\" data-element_type=\"widget\" data-e-type=\"widget\" data-widget_type=\"text-editor.default\">\n\t\t\t\t<div class=\"elementor-widget-container\">\n\t\t\t\t\t\t\t\t\t<p class=\"translation-block\"><a style=\"color: #008080\" target=\"_self\">Projet 33: plastic R3FORM3D <\/a> est une nouvelle entreprise sociale. C'est un <a style=\"color: #008080\" target=\"_self\">projet<\/a> de recyclage qui est mis en place \u00e0 divers endroits dans le monde, en particulier dans les pays en d\u00e9veloppement, afin d'apporter une contribution positive \u00e0 l'environnement et aux communaut\u00e9s.<\/p>\n<p>We are very excited to be starting our first fully-fledged plastic recycling facility and production of R3FORM3D plastic products in Berkshire, UK. Our next location will be in West Africa, Covid-19 allowing.<\/p>\t\t\t\t\t\t\t\t<\/div>\n\t\t\t\t<\/div>\n\t\t\t\t<section class=\"elementor-section elementor-inner-section elementor-element elementor-element-9fe85c1 elementor-section-boxed elementor-section-height-default elementor-section-height-default\" data-id=\"9fe85c1\" data-element_type=\"section\" data-e-type=\"section\">\n\t\t\t\t\t\t<div class=\"elementor-container elementor-column-gap-default\">\n\t\t\t\t\t<div class=\"elementor-column elementor-col-100 elementor-inner-column elementor-element elementor-element-ad12f2f\" data-id=\"ad12f2f\" data-element_type=\"column\" data-e-type=\"column\">\n\t\t\t<div class=\"elementor-widget-wrap elementor-element-populated\">\n\t\t\t\t\t\t<div class=\"elementor-element elementor-element-4de414f elementor-widget elementor-widget-image-carousel\" data-id=\"4de414f\" data-element_type=\"widget\" data-e-type=\"widget\" data-settings=\"{&quot;slides_to_show&quot;:&quot;5&quot;,&quot;image_spacing_custom&quot;:{&quot;unit&quot;:&quot;px&quot;,&quot;size&quot;:8,&quot;sizes&quot;:[]},&quot;slides_to_scroll&quot;:&quot;1&quot;,&quot;autoplay&quot;:&quot;no&quot;,&quot;infinite&quot;:&quot;no&quot;,&quot;slides_to_show_mobile&quot;:&quot;3&quot;,&quot;slides_to_scroll_mobile&quot;:&quot;1&quot;,&quot;navigation&quot;:&quot;none&quot;,&quot;speed&quot;:500,&quot;image_spacing_custom_tablet&quot;:{&quot;unit&quot;:&quot;px&quot;,&quot;size&quot;:&quot;&quot;,&quot;sizes&quot;:[]},&quot;image_spacing_custom_mobile&quot;:{&quot;unit&quot;:&quot;px&quot;,&quot;size&quot;:&quot;&quot;,&quot;sizes&quot;:[]}}\" data-widget_type=\"image-carousel.default\">\n\t\t\t\t<div class=\"elementor-widget-container\">\n\t\t\t\t\t\t\t<div class=\"elementor-image-carousel-wrapper swiper\" role=\"region\" aria-roledescription=\"carousel\" aria-label=\"Image Carousel\" dir=\"ltr\">\n\t\t\t<div class=\"elementor-image-carousel swiper-wrapper\" aria-live=\"polite\">\n\t\t\t\t\t\t\t\t<div class=\"swiper-slide\" role=\"group\" aria-roledescription=\"slide\" aria-label=\"1 of 5\"><figure class=\"swiper-slide-inner\"><img decoding=\"async\" class=\"swiper-slide-image\" src=\"https:\/\/project33.org\/wp-content\/uploads\/2020\/09\/4-300x300.png\" alt=\"4\" \/><\/figure><\/div><div class=\"swiper-slide\" role=\"group\" aria-roledescription=\"slide\" aria-label=\"2 of 5\"><figure class=\"swiper-slide-inner\"><img decoding=\"async\" class=\"swiper-slide-image\" src=\"https:\/\/project33.org\/wp-content\/uploads\/2020\/09\/3-300x300.png\" alt=\"3\" \/><\/figure><\/div><div class=\"swiper-slide\" role=\"group\" aria-roledescription=\"slide\" aria-label=\"3 of 5\"><figure class=\"swiper-slide-inner\"><img decoding=\"async\" class=\"swiper-slide-image\" src=\"https:\/\/project33.org\/wp-content\/uploads\/2020\/09\/2-e1601994073139-300x300.png\" alt=\"2\" \/><\/figure><\/div><div class=\"swiper-slide\" role=\"group\" aria-roledescription=\"slide\" aria-label=\"4 of 5\"><figure class=\"swiper-slide-inner\"><img decoding=\"async\" class=\"swiper-slide-image\" src=\"https:\/\/project33.org\/wp-content\/uploads\/2020\/09\/1-300x300.png\" alt=\"1\" \/><\/figure><\/div><div class=\"swiper-slide\" role=\"group\" aria-roledescription=\"slide\" aria-label=\"5 of 5\"><figure class=\"swiper-slide-inner\"><img decoding=\"async\" class=\"swiper-slide-image\" src=\"https:\/\/project33.org\/wp-content\/uploads\/2020\/09\/5-300x300.png\" alt=\"5\" \/><\/figure><\/div>\t\t\t<\/div>\n\t\t\t\t\t\t\t\n\t\t\t\t\t\t\t\t\t<\/div>\n\t\t\t\t\t\t<\/div>\n\t\t\t\t<\/div>\n\t\t\t\t\t<\/div>\n\t\t<\/div>\n\t\t\t\t\t<\/div>\n\t\t<\/section>\n\t\t\t\t<div class=\"elementor-element elementor-element-7754116 elementor-widget elementor-widget-text-editor\" data-id=\"7754116\" data-element_type=\"widget\" data-e-type=\"widget\" data-widget_type=\"text-editor.default\">\n\t\t\t\t<div class=\"elementor-widget-container\">\n\t\t\t\t\t\t\t\t\t<p>The team behind <a style=\"color: #008080;\">Le Projet 33<\/a> is multinational \u2013 from the UK, Germany, Portugal, and the USA.\u00a0 We are passionate about making a difference, we value ethical business practices, and we actively want to help our environment, prevent climate change and improve people\u2019s lives.<\/p><p>Nous encouragerons l'engagement communautaire, collecterons les d\u00e9chets plastiques, sensibiliserons aux dommages caus\u00e9s par la pollution plastique \u00e0 l'environnement, utiliserons des \u00e9nergies renouvelables, formerons des employ\u00e9s et des b\u00e9n\u00e9voles et cr\u00e9erons des activit\u00e9s commerciales durables et ind\u00e9pendantes, qui peuvent \u00eatre reproduite dans certaines parties du monde avec une quantit\u00e9 croissante de d\u00e9chets plastiques.<\/p><p><strong>Il n\u2019existe pas de solution universelle et la responsabilit\u00e9 n\u2019incombe pas seulement aux gouvernements ni \u00e0 la science, mais \u00e0 nous tous. Des actions individuelles et la coop\u00e9ration entre les pays sont n\u00e9cessaires - c'est exactement ce que fera le <a style=\"color: #008080\" target=\"_self\">projet 33<\/a> !<\/strong><\/p>\t\t\t\t\t\t\t\t<\/div>\n\t\t\t\t<\/div>\n\t\t\t\t<section class=\"elementor-section elementor-inner-section elementor-element elementor-element-04fffe9 elementor-section-boxed elementor-section-height-default elementor-section-height-default\" data-id=\"04fffe9\" data-element_type=\"section\" data-e-type=\"section\">\n\t\t\t\t\t\t<div class=\"elementor-container elementor-column-gap-default\">\n\t\t\t\t\t<div class=\"elementor-column elementor-col-100 elementor-inner-column elementor-element elementor-element-2901751\" data-id=\"2901751\" data-element_type=\"column\" data-e-type=\"column\">\n\t\t\t<div class=\"elementor-widget-wrap elementor-element-populated\">\n\t\t\t\t\t\t<div class=\"elementor-element elementor-element-415d90d elementor-widget elementor-widget-image\" data-id=\"415d90d\" data-element_type=\"widget\" data-e-type=\"widget\" data-widget_type=\"image.default\">\n\t\t\t\t<div class=\"elementor-widget-container\">\n\t\t\t\t\t\t\t\t\t\t\t\t\t\t\t<img fetchpriority=\"high\" decoding=\"async\" width=\"971\" height=\"500\" src=\"https:\/\/project33.org\/wp-content\/uploads\/2020\/09\/save.jpg\" class=\"attachment-full size-full wp-image-650\" alt=\"\" srcset=\"https:\/\/project33.org\/wp-content\/uploads\/2020\/09\/save.jpg 971w, https:\/\/project33.org\/wp-content\/uploads\/2020\/09\/save-300x154.jpg 300w, https:\/\/project33.org\/wp-content\/uploads\/2020\/09\/save-768x395.jpg 768w\" sizes=\"(max-width: 971px) 100vw, 971px\" \/>\t\t\t\t\t\t\t\t\t\t\t\t\t\t\t<\/div>\n\t\t\t\t<\/div>\n\t\t\t\t<div class=\"elementor-element elementor-element-d421875 elementor-widget elementor-widget-text-editor\" data-id=\"d421875\" data-element_type=\"widget\" data-e-type=\"widget\" data-widget_type=\"text-editor.default\">\n\t\t\t\t<div class=\"elementor-widget-container\">\n\t\t\t\t\t\t\t\t\t<p>La production mondiale de plastique est d'environ 300 millions de tonnes par an, et 8 millions de tonnes sont d\u00e9vers\u00e9es dans les oc\u00e9ans chaque ann\u00e9e. En raison de la nature de notre soci\u00e9t\u00e9 du jetable, pr\u00e8s de la moiti\u00e9 du plastique que nous utilisons est jet\u00e9 apr\u00e8s avoir utilis\u00e9 une seule utilisation. Un sac plastique, par exemple, est utilis\u00e9 15 minutes en moyenne, mais il prendra 20 ans pour se d\u00e9grader, d'autres plastiques prennent des centaines d\u2019ann\u00e9es!<\/p><p class=\"translation-block\"><a style=\"color: #008080\" target=\"_self\">Projet 33: plastic R3FORM3D <\/a> vise \u00e0 avoir des effets positifs dans un certain nombre de domaines - l'environnement, la durabilit\u00e9 \u00e9conomique, l'\u00e9ducation, les pratiques et opportunit\u00e9s de travail \u00e9quitables et les partenariats.<\/p><p>Ces domaines sont \u00e9galement r\u00e9pertori\u00e9s dans les objectifs de d\u00e9veloppement durable (ODD). Les ODD sont le mod\u00e8le des Nations Unies pour un avenir meilleur et plus durable pour tous.<\/p><p>En cr\u00e9ant un moyen \u00e9thique pour les petites communaut\u00e9s de promouvoir des entreprises durables, d\u2019am\u00e9liorer la vie et les opportunit\u00e9s des gens et d\u2019aider l\u2019environnement, nous atteindrons \u00e9galement certains ODD et nous pourrons \u00eatre mesur\u00e9s par rapport \u00e0 eux.<\/p><p><a style=\"color: #008080;\">Le Projet 33<\/a> est un <a style=\"color: #008080\" target=\"_self\">projet<\/a> avec et pour les communaut\u00e9s locales. Si vous souhaitez en savoir plus, vous impliquer ou monter votre propre <a style=\"color: #008080\" target=\"_self\">projet 33<\/a> pr\u00e8s de chez vous, veuillez nous contacter :\nPar email : info@project33.org  ou par t\u00e9l\u00e9phone : +49 (0)40 89 727 446<\/p><p class=\"translation-block\">Nous attendons avec impatience toute question, suggestion ou contribution. Apr\u00e8s tout, la coop\u00e9ration et l'engagement sont au c\u0153ur du <a style=\"color: #008080\" target=\"_self\">Projet 33.<\/a><\/p>\t\t\t\t\t\t\t\t<\/div>\n\t\t\t\t<\/div>\n\t\t\t\t\t<\/div>\n\t\t<\/div>\n\t\t\t\t\t<\/div>\n\t\t<\/section>\n\t\t\t\t\t<\/div>\n\t\t<\/div>\n\t\t\t\t\t<\/div>\n\t\t<\/section>\n\t\t\t\t<\/div>","protected":false},"excerpt":{"rendered":"<p>What We Do Project 33: plastic R3FORMED is a new social venture. It is a recycling project that will have a positive impact on the environment and communities in different locations worldwide, particularly in developing countries. We are very excited to be starting our first fully-fledged plastic recycling facility and production of R3FORM3D plastic products [&hellip;]<\/p>\n","protected":false},"author":1,"featured_media":0,"parent":0,"menu_order":0,"comment_status":"closed","ping_status":"closed","template":"elementor_header_footer","meta":{"footnotes":""},"class_list":["post-479","page","type-page","status-publish","hentry"],"_links":{"self":[{"href":"https:\/\/project33.org\/fr\/wp-json\/wp\/v2\/pages\/479"}],"collection":[{"href":"https:\/\/project33.org\/fr\/wp-json\/wp\/v2\/pages"}],"about":[{"href":"https:\/\/project33.org\/fr\/wp-json\/wp\/v2\/types\/page"}],"author":[{"embeddable":true,"href":"https:\/\/project33.org\/fr\/wp-json\/wp\/v2\/users\/1"}],"replies":[{"embeddable":true,"href":"https:\/\/project33.org\/fr\/wp-json\/wp\/v2\/comments?post=479"}],"version-history":[{"count":69,"href":"https:\/\/project33.org\/fr\/wp-json\/wp\/v2\/pages\/479\/revisions"}],"predecessor-version":[{"id":1211,"href":"https:\/\/project33.org\/fr\/wp-json\/wp\/v2\/pages\/479\/revisions\/1211"}],"wp:attachment":[{"href":"https:\/\/project33.org\/fr\/wp-json\/wp\/v2\/media?parent=479"}],"curies":[{"name":"wp","href":"https:\/\/api.w.org\/{rel}","templated":true}]}}