{"id":479,"date":"2020-09-06T16:48:43","date_gmt":"2020-09-06T16:48:43","guid":{"rendered":"https:\/\/project33.org\/?page_id=479"},"modified":"2021-11-30T14:37:21","modified_gmt":"2021-11-30T14:37:21","slug":"what-we-do","status":"publish","type":"page","link":"https:\/\/project33.org\/de\/what-we-do\/","title":{"rendered":"Was wir tun"},"content":{"rendered":"<div data-elementor-type=\"wp-page\" data-elementor-id=\"479\" class=\"elementor elementor-479\">\n\t\t\t\t\t\t<section class=\"elementor-section elementor-top-section elementor-element elementor-element-163be062 elementor-section-height-min-height elementor-section-boxed elementor-section-height-default elementor-section-items-middle\" data-id=\"163be062\" data-element_type=\"section\" data-e-type=\"section\" data-settings=\"{&quot;background_background&quot;:&quot;classic&quot;}\">\n\t\t\t\t\t\t\t<div class=\"elementor-background-overlay\"><\/div>\n\t\t\t\t\t\t\t<div class=\"elementor-container elementor-column-gap-default\">\n\t\t\t\t\t<div class=\"elementor-column elementor-col-50 elementor-top-column elementor-element elementor-element-17182ef1\" data-id=\"17182ef1\" data-element_type=\"column\" data-e-type=\"column\">\n\t\t\t<div class=\"elementor-widget-wrap\">\n\t\t\t\t\t\t\t<\/div>\n\t\t<\/div>\n\t\t\t\t<div class=\"elementor-column elementor-col-50 elementor-top-column elementor-element elementor-element-35f00516\" data-id=\"35f00516\" data-element_type=\"column\" data-e-type=\"column\">\n\t\t\t<div class=\"elementor-widget-wrap\">\n\t\t\t\t\t\t\t<\/div>\n\t\t<\/div>\n\t\t\t\t\t<\/div>\n\t\t<\/section>\n\t\t\t\t<section class=\"elementor-section elementor-top-section elementor-element elementor-element-171b40a elementor-section-boxed elementor-section-height-default elementor-section-height-default\" data-id=\"171b40a\" data-element_type=\"section\" data-e-type=\"section\">\n\t\t\t\t\t\t<div class=\"elementor-container elementor-column-gap-default\">\n\t\t\t\t\t<div class=\"elementor-column elementor-col-100 elementor-top-column elementor-element elementor-element-0bce02e\" data-id=\"0bce02e\" data-element_type=\"column\" data-e-type=\"column\">\n\t\t\t<div class=\"elementor-widget-wrap elementor-element-populated\">\n\t\t\t\t\t\t<div class=\"elementor-element elementor-element-e4f588f elementor-widget elementor-widget-heading\" data-id=\"e4f588f\" data-element_type=\"widget\" data-e-type=\"widget\" data-widget_type=\"heading.default\">\n\t\t\t\t<div class=\"elementor-widget-container\">\n\t\t\t\t\t<h2 class=\"elementor-heading-title elementor-size-default\">Was wir tun<\/h2>\t\t\t\t<\/div>\n\t\t\t\t<\/div>\n\t\t\t\t<div class=\"elementor-element elementor-element-f1a9bb1 elementor-widget-divider--view-line elementor-widget elementor-widget-divider\" data-id=\"f1a9bb1\" data-element_type=\"widget\" data-e-type=\"widget\" data-widget_type=\"divider.default\">\n\t\t\t\t<div class=\"elementor-widget-container\">\n\t\t\t\t\t\t\t<div class=\"elementor-divider\">\n\t\t\t<span class=\"elementor-divider-separator\">\n\t\t\t\t\t\t<\/span>\n\t\t<\/div>\n\t\t\t\t\t\t<\/div>\n\t\t\t\t<\/div>\n\t\t\t\t<div class=\"elementor-element elementor-element-ad701ec elementor-widget elementor-widget-text-editor\" data-id=\"ad701ec\" data-element_type=\"widget\" data-e-type=\"widget\" data-widget_type=\"text-editor.default\">\n\t\t\t\t<div class=\"elementor-widget-container\">\n\t\t\t\t\t\t\t\t\t<p class=\"translation-block\"><a style=\"color: #008080\" target=\"_self\">Project 33: plastic R3FORMED<\/a> ist eine neue gemeinn\u00fctzige Unternehmung. Es handelt sich um ein Recyclingprojekt, das an verschiedenen Standorten weltweit, insbesondere in Entwicklungsl\u00e4ndern, etabliert wird, um einen positiven Beitrag zur Umwelt und in Gemeinden zu leisten.<\/p>\n<p>We are very excited to be starting our first fully-fledged plastic recycling facility and production of R3FORM3D plastic products in Berkshire, UK. Our next location will be in West Africa, Covid-19 allowing.<\/p>\t\t\t\t\t\t\t\t<\/div>\n\t\t\t\t<\/div>\n\t\t\t\t<section class=\"elementor-section elementor-inner-section elementor-element elementor-element-9fe85c1 elementor-section-boxed elementor-section-height-default elementor-section-height-default\" data-id=\"9fe85c1\" data-element_type=\"section\" data-e-type=\"section\">\n\t\t\t\t\t\t<div class=\"elementor-container elementor-column-gap-default\">\n\t\t\t\t\t<div class=\"elementor-column elementor-col-100 elementor-inner-column elementor-element elementor-element-ad12f2f\" data-id=\"ad12f2f\" data-element_type=\"column\" data-e-type=\"column\">\n\t\t\t<div class=\"elementor-widget-wrap elementor-element-populated\">\n\t\t\t\t\t\t<div class=\"elementor-element elementor-element-4de414f elementor-widget elementor-widget-image-carousel\" data-id=\"4de414f\" data-element_type=\"widget\" data-e-type=\"widget\" data-settings=\"{&quot;slides_to_show&quot;:&quot;5&quot;,&quot;image_spacing_custom&quot;:{&quot;unit&quot;:&quot;px&quot;,&quot;size&quot;:8,&quot;sizes&quot;:[]},&quot;slides_to_scroll&quot;:&quot;1&quot;,&quot;autoplay&quot;:&quot;no&quot;,&quot;infinite&quot;:&quot;no&quot;,&quot;slides_to_show_mobile&quot;:&quot;3&quot;,&quot;slides_to_scroll_mobile&quot;:&quot;1&quot;,&quot;navigation&quot;:&quot;none&quot;,&quot;speed&quot;:500,&quot;image_spacing_custom_tablet&quot;:{&quot;unit&quot;:&quot;px&quot;,&quot;size&quot;:&quot;&quot;,&quot;sizes&quot;:[]},&quot;image_spacing_custom_mobile&quot;:{&quot;unit&quot;:&quot;px&quot;,&quot;size&quot;:&quot;&quot;,&quot;sizes&quot;:[]}}\" data-widget_type=\"image-carousel.default\">\n\t\t\t\t<div class=\"elementor-widget-container\">\n\t\t\t\t\t\t\t<div class=\"elementor-image-carousel-wrapper swiper\" role=\"region\" aria-roledescription=\"carousel\" aria-label=\"Image Carousel\" dir=\"ltr\">\n\t\t\t<div class=\"elementor-image-carousel swiper-wrapper\" aria-live=\"polite\">\n\t\t\t\t\t\t\t\t<div class=\"swiper-slide\" role=\"group\" aria-roledescription=\"slide\" aria-label=\"1 of 5\"><figure class=\"swiper-slide-inner\"><img decoding=\"async\" class=\"swiper-slide-image\" src=\"https:\/\/project33.org\/wp-content\/uploads\/2020\/09\/4-300x300.png\" alt=\"4\" \/><\/figure><\/div><div class=\"swiper-slide\" role=\"group\" aria-roledescription=\"slide\" aria-label=\"2 of 5\"><figure class=\"swiper-slide-inner\"><img decoding=\"async\" class=\"swiper-slide-image\" src=\"https:\/\/project33.org\/wp-content\/uploads\/2020\/09\/3-300x300.png\" alt=\"3\" \/><\/figure><\/div><div class=\"swiper-slide\" role=\"group\" aria-roledescription=\"slide\" aria-label=\"3 of 5\"><figure class=\"swiper-slide-inner\"><img decoding=\"async\" class=\"swiper-slide-image\" src=\"https:\/\/project33.org\/wp-content\/uploads\/2020\/09\/2-e1601994073139-300x300.png\" alt=\"2\" \/><\/figure><\/div><div class=\"swiper-slide\" role=\"group\" aria-roledescription=\"slide\" aria-label=\"4 of 5\"><figure class=\"swiper-slide-inner\"><img decoding=\"async\" class=\"swiper-slide-image\" src=\"https:\/\/project33.org\/wp-content\/uploads\/2020\/09\/1-300x300.png\" alt=\"1\" \/><\/figure><\/div><div class=\"swiper-slide\" role=\"group\" aria-roledescription=\"slide\" aria-label=\"5 of 5\"><figure class=\"swiper-slide-inner\"><img decoding=\"async\" class=\"swiper-slide-image\" src=\"https:\/\/project33.org\/wp-content\/uploads\/2020\/09\/5-300x300.png\" alt=\"5\" \/><\/figure><\/div>\t\t\t<\/div>\n\t\t\t\t\t\t\t\n\t\t\t\t\t\t\t\t\t<\/div>\n\t\t\t\t\t\t<\/div>\n\t\t\t\t<\/div>\n\t\t\t\t\t<\/div>\n\t\t<\/div>\n\t\t\t\t\t<\/div>\n\t\t<\/section>\n\t\t\t\t<div class=\"elementor-element elementor-element-7754116 elementor-widget elementor-widget-text-editor\" data-id=\"7754116\" data-element_type=\"widget\" data-e-type=\"widget\" data-widget_type=\"text-editor.default\">\n\t\t\t\t<div class=\"elementor-widget-container\">\n\t\t\t\t\t\t\t\t\t<p>The team behind <a style=\"color: #008080;\">Project 33<\/a> is multinational \u2013 from the UK, Germany, Portugal, and the USA.\u00a0 We are passionate about making a difference, we value ethical business practices, and we actively want to help our environment, prevent climate change and improve people\u2019s lives.<\/p><p>Wir werden das Engagement in Gemeinden f\u00f6rdern, Plastikm\u00fcll sammeln, das Bewusstsein f\u00fcr Sch\u00e4den, die die Plastikverschmutzung an der Umwelt verursacht, sch\u00e4rfen, erneuerbare Energien in vollem Umfang nutzen, Mitarbeiter und Freiwillige schulen und eigenst\u00e4ndige nachhaltige Gesch\u00e4ftsbetriebe schaffen, die in verschiedenen Teilen der Welt, die eine zunehmende Menge an Plastikm\u00fcll haben, aufgebaut werden k\u00f6nnen.<\/p><p><strong>Es gibt keine einheitliche L\u00f6sung, und die Verantwortung liegt nicht nur bei Regierungen und der Wissenschaft, sondern bei uns allen. Eigeninitiative und die Zusammenarbeit zwischen L\u00e4ndern sind erforderlich - project 33 setzt sich genau hierf\u00fcr ein!<\/strong><\/p>\t\t\t\t\t\t\t\t<\/div>\n\t\t\t\t<\/div>\n\t\t\t\t<section class=\"elementor-section elementor-inner-section elementor-element elementor-element-04fffe9 elementor-section-boxed elementor-section-height-default elementor-section-height-default\" data-id=\"04fffe9\" data-element_type=\"section\" data-e-type=\"section\">\n\t\t\t\t\t\t<div class=\"elementor-container elementor-column-gap-default\">\n\t\t\t\t\t<div class=\"elementor-column elementor-col-100 elementor-inner-column elementor-element elementor-element-2901751\" data-id=\"2901751\" data-element_type=\"column\" data-e-type=\"column\">\n\t\t\t<div class=\"elementor-widget-wrap elementor-element-populated\">\n\t\t\t\t\t\t<div class=\"elementor-element elementor-element-415d90d elementor-widget elementor-widget-image\" data-id=\"415d90d\" data-element_type=\"widget\" data-e-type=\"widget\" data-widget_type=\"image.default\">\n\t\t\t\t<div class=\"elementor-widget-container\">\n\t\t\t\t\t\t\t\t\t\t\t\t\t\t\t<img fetchpriority=\"high\" decoding=\"async\" width=\"971\" height=\"500\" src=\"https:\/\/project33.org\/wp-content\/uploads\/2020\/09\/save.jpg\" class=\"attachment-full size-full wp-image-650\" alt=\"\" srcset=\"https:\/\/project33.org\/wp-content\/uploads\/2020\/09\/save.jpg 971w, https:\/\/project33.org\/wp-content\/uploads\/2020\/09\/save-300x154.jpg 300w, https:\/\/project33.org\/wp-content\/uploads\/2020\/09\/save-768x395.jpg 768w\" sizes=\"(max-width: 971px) 100vw, 971px\" \/>\t\t\t\t\t\t\t\t\t\t\t\t\t\t\t<\/div>\n\t\t\t\t<\/div>\n\t\t\t\t<div class=\"elementor-element elementor-element-d421875 elementor-widget elementor-widget-text-editor\" data-id=\"d421875\" data-element_type=\"widget\" data-e-type=\"widget\" data-widget_type=\"text-editor.default\">\n\t\t\t\t<div class=\"elementor-widget-container\">\n\t\t\t\t\t\t\t\t\t<p>Die weltweite Kunststoffproduktion bel\u00e4uft sich auf rund 300 Millionen Tonnen pro Jahr, und jedes Jahr werden 8 Millionen Tonnen in die Meere abgeladen. Aufgrund der Natur unserer Wegwerfgesellschaft wird fast die H\u00e4lfte des von uns verwendeten Kunststoffs nach nur einmaliger Verwendung entsorgt. Eine Plastikt\u00fcte wird zum Beispiel durchschnittlich 15 Minuten lang verwendet, aber es dauert 20 Jahre bis sie sich zersetzt, andere Kunststoffe brauchen Hunderte von Jahren!<\/p><p class=\"translation-block\"><a style=\"color: #008080\" target=\"_self\">Project 33: plastic R3FORMED<\/a> ist bestrebt, in verschiedenen Bereichen Positives zu bewirken - f\u00fcr die Umwelt, wirtschaftliche Nachhaltigkeit, Bildung, faire Arbeitspraktiken und -chancen sowie Partnerschaften.<\/p><p>Diese Bereiche sind auch in den Zielen f\u00fcr nachhaltige Entwicklung (Sustainable Development Goals, kurz SDG) aufgef\u00fchrt sind. Die SDG sind der Bauplan der Vereinten Nationen f\u00fcr eine bessere und nachhaltigere Zukunft f\u00fcr alle.<\/p><p>Indem wir kleineren Gemeinden eine M\u00f6glichkeit er\u00f6ffnen, nachhaltige Unternehmen aufzubauen, und damit das Leben und die Chancen der Menschen vor Ort verbessern und der Umwelt helfen, werden wir auch einen Teil der SDG erf\u00fcllen und daran gemessen werden k\u00f6nnen.<\/p><p><a style=\"color: #008080;\">Project 33<\/a> ist ein Projekt mit und f\u00fcr lokale Gemeinschaften. Wenn Sie mehr erfahren, sich engagieren oder Ihr eigenes projekt33 in Ihrer N\u00e4he aufbauen m\u00f6chten, setzen Sie sich gerne mit uns in Verbindung.<\/p><p class=\"translation-block\">Wir freuen uns \u00fcber jede Frage, Anregung oder Beitrag. Kooperation und Engagement sind schlie\u00dflich der Kern von <a style=\"color: #008080\" target=\"_self\">Project 33.<\/a><\/p>\t\t\t\t\t\t\t\t<\/div>\n\t\t\t\t<\/div>\n\t\t\t\t\t<\/div>\n\t\t<\/div>\n\t\t\t\t\t<\/div>\n\t\t<\/section>\n\t\t\t\t\t<\/div>\n\t\t<\/div>\n\t\t\t\t\t<\/div>\n\t\t<\/section>\n\t\t\t\t<\/div>","protected":false},"excerpt":{"rendered":"<p>What We Do Project 33: plastic R3FORMED is a new social venture. It is a recycling project that will have a positive impact on the environment and communities in different locations worldwide, particularly in developing countries. We are very excited to be starting our first fully-fledged plastic recycling facility and production of R3FORM3D plastic products [&hellip;]<\/p>\n","protected":false},"author":1,"featured_media":0,"parent":0,"menu_order":0,"comment_status":"closed","ping_status":"closed","template":"elementor_header_footer","meta":{"footnotes":""},"class_list":["post-479","page","type-page","status-publish","hentry"],"_links":{"self":[{"href":"https:\/\/project33.org\/de\/wp-json\/wp\/v2\/pages\/479"}],"collection":[{"href":"https:\/\/project33.org\/de\/wp-json\/wp\/v2\/pages"}],"about":[{"href":"https:\/\/project33.org\/de\/wp-json\/wp\/v2\/types\/page"}],"author":[{"embeddable":true,"href":"https:\/\/project33.org\/de\/wp-json\/wp\/v2\/users\/1"}],"replies":[{"embeddable":true,"href":"https:\/\/project33.org\/de\/wp-json\/wp\/v2\/comments?post=479"}],"version-history":[{"count":69,"href":"https:\/\/project33.org\/de\/wp-json\/wp\/v2\/pages\/479\/revisions"}],"predecessor-version":[{"id":1211,"href":"https:\/\/project33.org\/de\/wp-json\/wp\/v2\/pages\/479\/revisions\/1211"}],"wp:attachment":[{"href":"https:\/\/project33.org\/de\/wp-json\/wp\/v2\/media?parent=479"}],"curies":[{"name":"wp","href":"https:\/\/api.w.org\/{rel}","templated":true}]}}